{"id":258,"date":"2025-12-26T10:14:12","date_gmt":"2025-12-26T15:14:12","guid":{"rendered":"https:\/\/brickellcolombia.softtogrow.com\/Colombia\/?post_type=product&#038;p=258"},"modified":"2026-01-07T19:29:43","modified_gmt":"2026-01-08T00:29:43","slug":"taladro-copia-copia-copia","status":"publish","type":"product","link":"https:\/\/brickellcolombia.softtogrow.com\/Colombia\/producto\/taladro-copia-copia-copia\/","title":{"rendered":"Compresor de Aire"},"content":{"rendered":"<p>Compresor de aire dise\u00f1ado para proporcionar un flujo constante y eficiente en aplicaciones dom\u00e9sticas y profesionales. Ideal para inflar, pintar, limpiar y accionar herramientas neum\u00e1ticas. Incorpora un motor potente y silencioso, con tanque de alta resistencia que garantiza un rendimiento estable y duradero. Su dise\u00f1o compacto con ruedas facilita el transporte, mientras que los sistemas de seguridad integrados aseguran un funcionamiento confiable en todo momento.<\/p>\n","protected":false},"excerpt":{"rendered":"<p>Compresor de aire potente y pr\u00e1ctico, ideal para inflar, pintar y usar herramientas neum\u00e1ticas con un rendimiento estable y seguro.<\/p>\n","protected":false},"featured_media":618,"comment_status":"open","ping_status":"closed","template":"","meta":{"_joinchat":[]},"product_brand":[],"product_cat":[24],"product_tag":[],"class_list":{"0":"post-258","1":"product","2":"type-product","3":"status-publish","4":"has-post-thumbnail","6":"product_cat-electricos","8":"first","9":"instock","10":"shipping-taxable","11":"purchasable","12":"product-type-simple"},"_links":{"self":[{"href":"https:\/\/brickellcolombia.softtogrow.com\/Colombia\/wp-json\/wp\/v2\/product\/258","targetHints":{"allow":["GET"]}}],"collection":[{"href":"https:\/\/brickellcolombia.softtogrow.com\/Colombia\/wp-json\/wp\/v2\/product"}],"about":[{"href":"https:\/\/brickellcolombia.softtogrow.com\/Colombia\/wp-json\/wp\/v2\/types\/product"}],"replies":[{"embeddable":true,"href":"https:\/\/brickellcolombia.softtogrow.com\/Colombia\/wp-json\/wp\/v2\/comments?post=258"}],"wp:featuredmedia":[{"embeddable":true,"href":"https:\/\/brickellcolombia.softtogrow.com\/Colombia\/wp-json\/wp\/v2\/media\/618"}],"wp:attachment":[{"href":"https:\/\/brickellcolombia.softtogrow.com\/Colombia\/wp-json\/wp\/v2\/media?parent=258"}],"wp:term":[{"taxonomy":"product_brand","embeddable":true,"href":"https:\/\/brickellcolombia.softtogrow.com\/Colombia\/wp-json\/wp\/v2\/product_brand?post=258"},{"taxonomy":"product_cat","embeddable":true,"href":"https:\/\/brickellcolombia.softtogrow.com\/Colombia\/wp-json\/wp\/v2\/product_cat?post=258"},{"taxonomy":"product_tag","embeddable":true,"href":"https:\/\/brickellcolombia.softtogrow.com\/Colombia\/wp-json\/wp\/v2\/product_tag?post=258"}],"curies":[{"name":"wp","href":"https:\/\/api.w.org\/{rel}","templated":true}]}}